{"id":923,"date":"2020-11-18T22:44:41","date_gmt":"2020-11-18T22:44:41","guid":{"rendered":"https:\/\/www.engipar.com\/?page_id=923"},"modified":"2025-12-12T12:41:07","modified_gmt":"2025-12-12T12:41:07","slug":"fiscalizacao-de-obras","status":"publish","type":"page","link":"https:\/\/www.engipar.com\/en\/servicos\/fiscalizacao-de-obras\/","title":{"rendered":"Construction Supervision"},"content":{"rendered":"<div id=\"wpc_69d00f40e1d55\" class=\"vc_row wpb_row vc_row-fluid\">\n\t\t<div class=\"row_inner_wrapper  clearfix\" style=\"padding-top: 0px;padding-bottom: 0px;\">\n\t\t\t<div class=\"row_inner row_center_content clearfix\"><div class=\"wpb_column vc_column_container vc_col-sm-12\"><div class=\"vc_column-inner\"><div class=\"wpb_wrapper\">\n\t<div class=\"wpb_text_column wpb_content_element\" >\n\t\t<div class=\"wpb_wrapper\">\n\t\t\t<h2><strong>GUARANTEE AND ACCURACY IN THE SUPERVISION OF YOUR PROJECT<\/strong><\/h2>\n\n\t\t<\/div>\n\t<\/div>\n<\/div><\/div><\/div>\n\t\t\t<\/div>\n\t\t<\/div>\n<\/div>\n<div id=\"wpc_69d00f40e2b65\" class=\"vc_row wpb_row vc_row-fluid\">\n\t\t<div class=\"row_inner_wrapper  clearfix\">\n\t\t\t<div class=\"row_inner row_center_content clearfix\"><div class=\"wpb_column vc_column_container vc_col-sm-6\"><div class=\"vc_column-inner\"><div class=\"wpb_wrapper\">\n\t<div class=\"wpb_text_column wpb_content_element\" >\n\t\t<div class=\"wpb_wrapper\">\n\t\t\t<h4><strong>WHAT IS A CONSTRUCTION SUPERVISION?<\/strong><\/h4>\n<p>A\u00a0<strong>Construction Supervision\u00a0<\/strong>is based on full verification of construction conformity, of all licensing and execution projects, in real-time and on-site, ensuring compliance with the responsibilities of the project authors, contractor, construction director, as well as the owner of the construction.<\/p>\n\n\t\t<\/div>\n\t<\/div>\n\n\t<div class=\"wpb_text_column wpb_content_element\" >\n\t\t<div class=\"wpb_wrapper\">\n\t\t\t<h4><strong>WHAT ARE THE ADVANTAGES OF HIRING A SPECIALIST IN CONSTRUCTION SUPERVISION?<\/strong><\/h4>\n<ul>\n<li>Anticipation and resolution of problems during the construction works;<\/li>\n<li>Easier contractual management with the contractor(s), safeguarding conflicts;<\/li>\n<li>Increasing construction quality, justified by monitoring effort of the work fronts and strict compliance with the projects;<\/li>\n<li>Lower cost of the project. Good construction supervision it\u2019s a way so that the owner gets better for less;<\/li>\n<li>Reduction on contract deadlines. Construction supervision team will work closely with the contractor(s), ensuring the timely ordering of materials and early award of subcontracts, detecting deviations from planning and measures to recover from possible delays.<\/li>\n<\/ul>\n\n\t\t<\/div>\n\t<\/div>\n<div class=\"vc_tta-container\" data-vc-action=\"collapse\"><div class=\"vc_general vc_tta vc_tta-accordion vc_tta-color-grey vc_tta-style-classic vc_tta-shape-rounded vc_tta-o-shape-group vc_tta-controls-align-left\"><div class=\"vc_tta-panels-container\"><div class=\"vc_tta-panels\"><div class=\"vc_tta-panel vc_active\" id=\"1605740399964-3481e8e1-2e5b\" data-vc-content=\".vc_tta-panel-body\"><div class=\"vc_tta-panel-heading\"><h4 class=\"vc_tta-panel-title vc_tta-controls-icon-position-left\"><a href=\"#1605740399964-3481e8e1-2e5b\" data-vc-accordion data-vc-container=\".vc_tta-container\"><span class=\"vc_tta-title-text\">WHAT RISKS DO I TAKE WHEN CARRYING OUT A CONSTRUCTION PROJECT WITHOUT SUPERVISION?<\/span><i class=\"vc_tta-controls-icon vc_tta-controls-icon-plus\"><\/i><\/a><\/h4><\/div><div class=\"vc_tta-panel-body\">\n\t<div class=\"wpb_text_column wpb_content_element\" >\n\t\t<div class=\"wpb_wrapper\">\n\t\t\t<p>If you don \u0301t hire supervision, you are taking the risk of having problems with the construction quality and it can give you a terrible \u201cheadache\u201d.<\/p>\n<p>In the current background of civil construction, there is a lack of qualified labor, and consequently, poorly executed works associated with this fact. An expert construction supervisor can solve this problem.<\/p>\n<p>There are other problems associated with the construction sector like the quality of the applied materials, on-site works duration, compliance with Hygiene and Safety rules at work, among others.<\/p>\n<p>Either you truly trust in the contractor who is responsible of your project execution, or the money you will \u201csave\u201d in unsupervised works will inevitably be spent later in additional costs and annoyances.<\/p>\n<p>ENGIPAR Consultants, in spite of not\nbeing expertise in the area of general medicine,\ncan solve a lot of your \u201cheadaches\u201d and \u201dsleepless nights\u201d.<\/p>\n\n\t\t<\/div>\n\t<\/div>\n<\/div><\/div><div class=\"vc_tta-panel\" id=\"1605740702962-cccbc9a9-ab8e\" data-vc-content=\".vc_tta-panel-body\"><div class=\"vc_tta-panel-heading\"><h4 class=\"vc_tta-panel-title vc_tta-controls-icon-position-left\"><a href=\"#1605740702962-cccbc9a9-ab8e\" data-vc-accordion data-vc-container=\".vc_tta-container\"><span class=\"vc_tta-title-text\">HOW ARE CONSTRUCTION SUPERVISION COSTS CALCULATED?<\/span><i class=\"vc_tta-controls-icon vc_tta-controls-icon-plus\"><\/i><\/a><\/h4><\/div><div class=\"vc_tta-panel-body\">\n\t<div class=\"wpb_text_column wpb_content_element\" >\n\t\t<div class=\"wpb_wrapper\">\n\t\t\t<ul>\n<li>Dimension and duration of the construction works;<\/li>\n<li>Location of the construction site;<\/li>\n<li>Degree of allocation and number of weekly inspections;<\/li>\n<li>Integration or not of HST services<\/li>\n<li>Number of required reports<\/li>\n<li>Other associated costs.<\/li>\n<\/ul>\n\n\t\t<\/div>\n\t<\/div>\n<\/div><\/div><div class=\"vc_tta-panel\" id=\"1605740399937-1fa93d64-dabf\" data-vc-content=\".vc_tta-panel-body\"><div class=\"vc_tta-panel-heading\"><h4 class=\"vc_tta-panel-title vc_tta-controls-icon-position-left\"><a href=\"#1605740399937-1fa93d64-dabf\" data-vc-accordion data-vc-container=\".vc_tta-container\"><span class=\"vc_tta-title-text\">WHAT TYPE OF CONSTRUCTIONS NEED SUPERVISION AND MONITORING?<\/span><i class=\"vc_tta-controls-icon vc_tta-controls-icon-plus\"><\/i><\/a><\/h4><\/div><div class=\"vc_tta-panel-body\">\n\t<div class=\"wpb_text_column wpb_content_element\" >\n\t\t<div class=\"wpb_wrapper\">\n\t\t\t<p>Law 60\/2007 of 4 November, which altered the legal regime for urbanization and construction, refers the indication of the instructive elements of the requests for the realization of urbanistic operations to Ordinance 232\/2008 of 11 March, <strong><u>that refers that all public or private works must have supervision, regardless of their nature<\/u><\/strong>.<\/p>\n<p>Law n.\u00ba40\/2015 establishes the professional qualification required for technicians responsible for leading supervision of public or private construction works, making the first amendment to\u00a0<a href=\"https:\/\/dre.pt\/web\/guest\/pesquisa\/-\/search\/491903\/details\/normal?l=1\">Lei n.\u00ba 31\/2009<\/a>of July 3.<\/p>\n<p>Construction works allowed to start without a prior notification, and inherently without formal supervision, are normally smallinterventions and operated according to different regulations of each city council, such as:<\/p>\n<ul>\n<li>Maintenance construction works(rehabilitation, repair, or cleaning);<\/li>\n<li>Construction works inside buildings or fractions, which do not require changes in the stability structure, ridges, the shape of the facades, and the shape of the roofs;<\/li>\n<li>Building, contiguous or not, to the main building with an area equal to or less than 10 m2;<\/li>\n<li>Fencing walls up to 1.8 m high that do not border with public road;<\/li>\n<li>Earth support walls up to 2m high, which do not modify the topography of existing land;<\/li>\n<li>Greenhouse construction;<\/li>\n<li>Construction works for the arrangement and improvement of building areas surrounding, provided they do not affect the public domain;<\/li>\n<li>Installation of ludic or recreational equipment associated with the main building, and with a smaller area;<\/li>\n<li>Replacement of exterior or roofing covering materials, with others, giving an identical finishing, and that improve energy efficiency;<\/li>\n<li>Photovoltaic solar panels and wind generators installation<\/li>\n<\/ul>\n<p><strong>Even in these minimalist interventions we advise experience external supervision. Small details of the present can be crucial for the future.<\/strong><\/p>\n\n\t\t<\/div>\n\t<\/div>\n<\/div><\/div><div class=\"vc_tta-panel\" id=\"1653296347870-302be630-9c02\" data-vc-content=\".vc_tta-panel-body\"><div class=\"vc_tta-panel-heading\"><h4 class=\"vc_tta-panel-title vc_tta-controls-icon-position-left\"><a href=\"#1653296347870-302be630-9c02\" data-vc-accordion data-vc-container=\".vc_tta-container\"><span class=\"vc_tta-title-text\">NECESSIDADE DA COORDENA\u00c7\u00c3O DE SEGURAN\u00c7A EM OBRA<\/span><i class=\"vc_tta-controls-icon vc_tta-controls-icon-plus\"><\/i><\/a><\/h4><\/div><div class=\"vc_tta-panel-body\">\n\t<div class=\"wpb_text_column wpb_content_element\" >\n\t\t<div class=\"wpb_wrapper\">\n\t\t\t<p style=\"font-weight: 400;\">The activities carried out on construction sites inherent to the civil construction sector\ninvolve risks, which may result in accidents at work when the necessary measures are\nnot taken to ensure the safety and health of workers. Falls from high places, crushing\nand burying are the main accidents that occur on construction sites.<\/p>\n<p style=\"font-weight: 400;\">Decree-Law no. 273\/2003, of 29 October 2003 obliges the Project Owner to appoint a\nhealth and safety coordinator during the construction works, whose main\nresponsibilities are:<\/p>\n<ul style=\"font-weight: 400;\">\n<li>Support and information to the clients about their legal responsibilities;<\/li>\n<li>Technical support to the decision processes of the clients;<\/li>\n<li>Preparation, amendment and updating of the Prior Notice for Opening a Construction Site;<\/li>\n<li>Technical validation of the Health and Safety Plan and its developments and\nchanges.<\/li>\n<\/ul>\n\n\t\t<\/div>\n\t<\/div>\n<\/div><\/div><\/div><\/div><\/div><\/div><\/div><\/div><\/div><div class=\"wpb_column vc_column_container vc_col-sm-6\"><div class=\"vc_column-inner\"><div class=\"wpb_wrapper\">\n\t<div class=\"wpb_text_column wpb_content_element\" >\n\t\t<div class=\"wpb_wrapper\">\n\t\t\t<h4><strong>WHAT SERVICES ARE INCLUDED IN CONSTRUCTION SUPERVISION?<\/strong><\/h4>\n<p>Construction supervisionis essential to ensure the success of any project and construction work. This services generally include supervising all phases of the construction process, providing support to the owner, and ensuring full compliance with the contractor's responsibilities. Includes:<\/p>\n<ul>\n<li>Project planning and construction phases;<\/li>\n<li>Control of construction work costs;<\/li>\n<li>Periodic measuring reports;<\/li>\n<li>On-site arrival and exit of materials;<\/li>\n<li>On-site control and arrival of construction equipment;<\/li>\n<li>Quality control of materials;<\/li>\n<li>Meetings with interveners;<\/li>\n<li>Monitoring and inspections;<\/li>\n<li>Periodic and final reports;<\/li>\n<li>Project supervision and coordination of the construction specialties;<\/li>\n<li>Information and management of contractors, suppliers, and other workers activities;<\/li>\n<li>Shipyard Inspection by complying legal technology and construction requirements;<\/li>\n<li>Continuous supervision of construction works(quality, planning, and budget);<\/li>\n<li>Technical and legal advice and consultancy;<\/li>\n<li>Supervisionof the documentation delivered by the Contractor;<\/li>\n<li>Monitoring Hygiene, Safety, and Environment requirements;<\/li>\n<li>Final blueprints and operation manuals.<\/li>\n<\/ul>\n\n\t\t<\/div>\n\t<\/div>\n\n\t<div  class=\"wpb_single_image wpb_content_element vc_align_left\">\n\t\t\n\t\t<figure class=\"wpb_wrapper vc_figure\">\n\t\t\t<div class=\"vc_single_image-wrapper   vc_box_border_grey\"><img loading=\"lazy\" decoding=\"async\" class=\"vc_single_image-img\" src=\"https:\/\/www.engipar.com\/wp-content\/uploads\/2020\/11\/RoofStructureInspection-1000x600.jpg\" width=\"1000\" height=\"600\" alt=\"Peritagem cobertura im\u00f3vel\" title=\"\" \/><\/div>\n\t\t<\/figure>\n\t<\/div>\n<style>.vc_btn3-style-gradient-custom.vc_btn-gradient-btn-69d00f40e5fd6:hover{color: #ffffff;background-color: #fab702;border: none;background-position: 100% 0;}<\/style><style>.vc_btn3-style-gradient-custom.vc_btn-gradient-btn-69d00f40e5fd6{color: #ffffff;border: none;background-color: #fab702;background-image: -webkit-linear-gradient(left, #fab702 0%, #fab702 50%,#fab702 100%);background-image: linear-gradient(to right, #fab702 0%, #fab702 50%,#fab702 100%);-webkit-transition: all .2s ease-in-out;transition: all .2s ease-in-out;background-size: 200% 100%;}<\/style><div class=\"vc_btn3-container vc_btn3-center\" ><a data-vc-gradient-1=\"#fab702\" data-vc-gradient-2=\"#fab702\" class=\"vc_general vc_btn3 vc_btn3-size-lg vc_btn3-shape-rounded vc_btn3-style-gradient-custom vc_btn3-block vc_btn3-icon-left vc_btn-gradient-btn-69d00f40e5fd6\" href=\"https:\/\/www.engipar.com\/orcamentos\/\" title=\"Budgets\"><i class=\"vc_btn3-icon fas fa-edit\"><\/i> Ask for a free budget<\/a><\/div>\n\t<div class=\"wpb_text_column wpb_content_element\" >\n\t\t<div class=\"wpb_wrapper\">\n\t\t\t<p style=\"text-align: center;\">In less than a minute, free answers and no-commitment service.<\/p>\n\n\t\t<\/div>\n\t<\/div>\n<\/div><\/div><\/div>\n\t\t\t<\/div>\n\t\t<\/div>\n<\/div>\n<div id=\"wpc_69d00f40e6288\" class=\"vc_row wpb_row vc_row-fluid\">\n\t\t<div class=\"row_inner_wrapper  clearfix\">\n\t\t\t<div class=\"row_inner row_center_content clearfix\"><div class=\"wpb_column vc_column_container vc_col-sm-12\"><div class=\"vc_column-inner\"><div class=\"wpb_wrapper\">\n\t<div class=\"wpb_raw_code wpb_content_element wpb_raw_html\" >\n\t\t<div class=\"wpb_wrapper\">\n\t\t\t<div class=\"cta-sticky\">\n  <a class=\"cta-sticky__btn\" href=\"https:\/\/www.engipar.com\/orcamentos\/\">ASK FOR A BUDGET<\/a>\n<\/div>\n\t\t<\/div>\n\t<\/div>\n<\/div><\/div><\/div>\n\t\t\t<\/div>\n\t\t<\/div>\n<\/div>","protected":false},"excerpt":{"rendered":"GARANTIA E RIGOR NA FISCALIZA\u00c7\u00c3O DO SEU PROJETO O QUE \u00c9 FISCALIZA\u00c7\u00c3O DE OBRAS? A\u00a0Fiscaliza\u00e7\u00e3o de Obra\u00a0consiste na verifica\u00e7\u00e3o integral da ...","protected":false},"author":1,"featured_media":1133,"parent":17,"menu_order":2,"comment_status":"closed","ping_status":"closed","template":"","meta":{"_monsterinsights_skip_tracking":false,"_monsterinsights_sitenote_active":false,"_monsterinsights_sitenote_note":"","_monsterinsights_sitenote_category":0,"_joinchat":[],"footnotes":""},"class_list":["post-923","page","type-page","status-publish","has-post-thumbnail","hentry"],"aioseo_notices":[],"_links":{"self":[{"href":"https:\/\/www.engipar.com\/en\/wp-json\/wp\/v2\/pages\/923","targetHints":{"allow":["GET"]}}],"collection":[{"href":"https:\/\/www.engipar.com\/en\/wp-json\/wp\/v2\/pages"}],"about":[{"href":"https:\/\/www.engipar.com\/en\/wp-json\/wp\/v2\/types\/page"}],"author":[{"embeddable":true,"href":"https:\/\/www.engipar.com\/en\/wp-json\/wp\/v2\/users\/1"}],"replies":[{"embeddable":true,"href":"https:\/\/www.engipar.com\/en\/wp-json\/wp\/v2\/comments?post=923"}],"version-history":[{"count":2,"href":"https:\/\/www.engipar.com\/en\/wp-json\/wp\/v2\/pages\/923\/revisions"}],"predecessor-version":[{"id":3508,"href":"https:\/\/www.engipar.com\/en\/wp-json\/wp\/v2\/pages\/923\/revisions\/3508"}],"up":[{"embeddable":true,"href":"https:\/\/www.engipar.com\/en\/wp-json\/wp\/v2\/pages\/17"}],"wp:featuredmedia":[{"embeddable":true,"href":"https:\/\/www.engipar.com\/en\/wp-json\/wp\/v2\/media\/1133"}],"wp:attachment":[{"href":"https:\/\/www.engipar.com\/en\/wp-json\/wp\/v2\/media?parent=923"}],"curies":[{"name":"wp","href":"https:\/\/api.w.org\/{rel}","templated":true}]}}