{"id":3243,"date":"2025-05-19T08:47:56","date_gmt":"2025-05-19T08:47:56","guid":{"rendered":"https:\/\/www.engipar.com\/?page_id=3243"},"modified":"2026-02-18T12:22:52","modified_gmt":"2026-02-18T12:22:52","slug":"levantamento-de-patologias-em-condominios","status":"publish","type":"page","link":"https:\/\/www.engipar.com\/en\/servicos\/peritagens-e-vistorias\/levantamento-de-patologias-em-condominios\/","title":{"rendered":"Levantamento de Patologias em Condom\u00ednios"},"content":{"rendered":"<div id=\"wpc_69ee86539d5e1\" class=\"vc_row wpb_row vc_row-fluid\">\n\t\t<div class=\"row_inner_wrapper  clearfix\">\n\t\t\t<div class=\"row_inner row_center_content clearfix\"><div class=\"wpb_column vc_column_container vc_col-sm-6\"><div class=\"vc_column-inner\"><div class=\"wpb_wrapper\">\n\t<div class=\"wpb_text_column wpb_content_element\" >\n\t\t<div class=\"wpb_wrapper\">\n\t\t\t<p>A Engipar disponibiliza um servi\u00e7o especializado de <strong data-start=\"287\" data-end=\"307\">inspe\u00e7\u00e3o t\u00e9cnica<\/strong> com o objetivo de identificar, caracterizar e diagnosticar patologias existentes em Condom\u00ednios, contribuindo para a defini\u00e7\u00e3o de solu\u00e7\u00f5es eficazes de repara\u00e7\u00e3o e reabilita\u00e7\u00e3o.<\/p>\n<h4 data-start=\"594\" data-end=\"651\"><strong>TRABALHOS INCLU\u00cdDOS<\/strong><\/h4>\n<p class=\"\" data-start=\"594\" data-end=\"651\">Este servi\u00e7o compreende as seguintes atividades t\u00e9cnicas:<\/p>\n<ul>\n<li data-start=\"655\" data-end=\"747\"><strong data-start=\"655\" data-end=\"690\">Prepara\u00e7\u00e3o e estudo do processo<\/strong>;<\/li>\n<li data-start=\"750\" data-end=\"816\"><strong data-start=\"750\" data-end=\"777\">Visita ao local<\/strong>;<\/li>\n<li data-start=\"819\" data-end=\"891\"><strong data-start=\"819\" data-end=\"847\">Vistoria \u00e0s zonas comuns<\/strong>;<\/li>\n<li data-start=\"894\" data-end=\"1018\"><strong data-start=\"894\" data-end=\"930\">Vistoria ao interior das fra\u00e7\u00f5es<\/strong>;<\/li>\n<li data-start=\"1021\" data-end=\"1106\"><strong data-start=\"1021\" data-end=\"1058\">Realiza\u00e7\u00e3o de ensaios e sondagens<\/strong>;<\/li>\n<li data-start=\"1109\" data-end=\"1202\"><strong data-start=\"1109\" data-end=\"1135\">Reportagem fotogr\u00e1fica<\/strong>.<\/li>\n<\/ul>\n<h4 data-start=\"594\" data-end=\"651\"><strong>RELAT\u00d3RIO T\u00c9CNICO<\/strong><\/h4>\n<p class=\"\" data-start=\"1216\" data-end=\"1440\">Com base na informa\u00e7\u00e3o recolhida e analisada, ser\u00e1 elaborado um <strong data-start=\"1280\" data-end=\"1311\">relat\u00f3rio t\u00e9cnico detalhado<\/strong>, formatado de forma a poder ser utilizado, se necess\u00e1rio, como <strong data-start=\"1375\" data-end=\"1415\">suporte a uma eventual a\u00e7\u00e3o judicial<\/strong>.<br data-start=\"1416\" data-end=\"1419\" \/>O relat\u00f3rio incluir\u00e1:<\/p>\n<ul>\n<li data-start=\"1444\" data-end=\"1484\">Descri\u00e7\u00e3o pormenorizada das observa\u00e7\u00f5es;<\/li>\n<li data-start=\"1487\" data-end=\"1506\">An\u00e1lises efetuadas;<\/li>\n<li data-start=\"1509\" data-end=\"1534\">Conclus\u00f5es fundamentadas;<\/li>\n<li data-start=\"1537\" data-end=\"1579\">Recomenda\u00e7\u00f5es t\u00e9cnicas (quando aplic\u00e1vel).<\/li>\n<\/ul>\n<p class=\"\" data-start=\"1581\" data-end=\"1744\">Est\u00e1 prevista uma presen\u00e7a por <strong data-start=\"1612\" data-end=\"1649\">videochamada para esclarecimentos<\/strong>, e ser\u00e1 prestado <strong data-start=\"1667\" data-end=\"1710\">apoio e aconselhamento t\u00e9cnico cont\u00ednuo<\/strong>, no \u00e2mbito do trabalho realizado.<\/p>\n\n\t\t<\/div>\n\t<\/div>\n<\/div><\/div><\/div><div class=\"wpb_column vc_column_container vc_col-sm-6\"><div class=\"vc_column-inner\"><div class=\"wpb_wrapper\">\n\t<div class=\"wpb_text_column wpb_content_element\" >\n\t\t<div class=\"wpb_wrapper\">\n\t\t\t<h4 data-start=\"594\" data-end=\"651\"><strong>OBJETIVO<\/strong><\/h4>\n<p class=\"\" data-start=\"1618\" data-end=\"1657\">A inspe\u00e7\u00e3o t\u00e9cnica tem como finalidade:<\/p>\n<ul>\n<li data-start=\"1661\" data-end=\"1714\">Levantar e <strong data-start=\"1672\" data-end=\"1713\">caracterizar as patologias existentes<\/strong>;<\/li>\n<li data-start=\"1717\" data-end=\"1775\">Diagnosticar <strong data-start=\"1730\" data-end=\"1750\">causas prov\u00e1veis<\/strong> dos problemas detetados;<\/li>\n<li data-start=\"1778\" data-end=\"1871\">Fornecer <strong data-start=\"1787\" data-end=\"1817\">informa\u00e7\u00e3o t\u00e9cnica precisa<\/strong> que permita planear interven\u00e7\u00f5es corretivas eficazes;<\/li>\n<li data-start=\"1874\" data-end=\"1970\"><strong data-start=\"1874\" data-end=\"1919\">Minimizar riscos estruturais e funcionais<\/strong>, aumentando a fiabilidade e longevidade do im\u00f3vel.<\/li>\n<\/ul>\n\n\t\t<\/div>\n\t<\/div>\n\n\t<div  class=\"wpb_single_image wpb_content_element vc_align_left\">\n\t\t\n\t\t<figure class=\"wpb_wrapper vc_figure\">\n\t\t\t<div class=\"vc_single_image-wrapper   vc_box_border_grey\"><img loading=\"lazy\" decoding=\"async\" width=\"800\" height=\"539\" src=\"https:\/\/www.engipar.com\/wp-content\/uploads\/2025\/05\/pexels-izafi-27459248-1024x690.webp\" class=\"vc_single_image-img attachment-large\" alt=\"Condominio, Engipar\" srcset=\"https:\/\/www.engipar.com\/wp-content\/uploads\/2025\/05\/pexels-izafi-27459248-1024x690.webp 1024w, https:\/\/www.engipar.com\/wp-content\/uploads\/2025\/05\/pexels-izafi-27459248-300x202.webp 300w, https:\/\/www.engipar.com\/wp-content\/uploads\/2025\/05\/pexels-izafi-27459248-768x518.webp 768w, https:\/\/www.engipar.com\/wp-content\/uploads\/2025\/05\/pexels-izafi-27459248-1536x1035.webp 1536w, https:\/\/www.engipar.com\/wp-content\/uploads\/2025\/05\/pexels-izafi-27459248-2048x1380.webp 2048w, https:\/\/www.engipar.com\/wp-content\/uploads\/2025\/05\/pexels-izafi-27459248-18x12.webp 18w\" sizes=\"auto, (max-width: 800px) 100vw, 800px\" title=\"Levantamento de Patologias em Condom\u00ednios\" \/><\/div>\n\t\t<\/figure>\n\t<\/div>\n\n\t<div class=\"wpb_text_column wpb_content_element\" >\n\t\t<div class=\"wpb_wrapper\">\n\t\t\t<p>Se pretende garantir uma avalia\u00e7\u00e3o rigorosa do seu condom\u00ednio, fale connosco.<\/p>\n\n\t\t<\/div>\n\t<\/div>\n<style>.vc_btn3-style-gradient-custom.vc_btn-gradient-btn-69ee86539f99f:hover{color: #ffffff;background-color: #fab702;border: none;background-position: 100% 0;}<\/style><style>.vc_btn3-style-gradient-custom.vc_btn-gradient-btn-69ee86539f99f{color: #ffffff;border: none;background-color: #fab702;background-image: -webkit-linear-gradient(left, #fab702 0%, #fab702 50%,#fab702 100%);background-image: linear-gradient(to right, #fab702 0%, #fab702 50%,#fab702 100%);-webkit-transition: all .2s ease-in-out;transition: all .2s ease-in-out;background-size: 200% 100%;}<\/style><div class=\"vc_btn3-container vc_btn3-center\" ><a data-vc-gradient-1=\"#fab702\" data-vc-gradient-2=\"#fab702\" class=\"vc_general vc_btn3 vc_btn3-size-lg vc_btn3-shape-rounded vc_btn3-style-gradient-custom vc_btn3-block vc_btn3-icon-left vc_btn-gradient-btn-69ee86539f99f\" href=\"https:\/\/www.engipar.com\/orcamentos\/\" title=\"\"><i class=\"vc_btn3-icon fas fa-edit\"><\/i> Ask for a free budget<\/a><\/div><\/div><\/div><\/div>\n\t\t\t<\/div>\n\t\t<\/div>\n<\/div>\n<div id=\"wpc_69ee86539fb37\" class=\"vc_row wpb_row vc_row-fluid\">\n\t\t<div class=\"row_inner_wrapper  clearfix\">\n\t\t\t<div class=\"row_inner row_center_content clearfix\"><div class=\"wpb_column vc_column_container vc_col-sm-12\"><div class=\"vc_column-inner\"><div class=\"wpb_wrapper\">\n\t<div class=\"wpb_raw_code wpb_content_element wpb_raw_html\" >\n\t\t<div class=\"wpb_wrapper\">\n\t\t\t<div class=\"cta-sticky\">\n  <a class=\"cta-sticky__btn\" href=\"https:\/\/www.engipar.com\/orcamentos\/\">ASK FOR A BUDGET<\/a>\n<\/div>\n\t\t<\/div>\n\t<\/div>\n<\/div><\/div><\/div>\n\t\t\t<\/div>\n\t\t<\/div>\n<\/div>","protected":false},"excerpt":{"rendered":"A Engipar disponibiliza um servi\u00e7o especializado de inspe\u00e7\u00e3o t\u00e9cnica com o objetivo de identificar, caracterizar e diagnosticar patologias existentes em Condom\u00ednios, ...","protected":false},"author":3,"featured_media":0,"parent":933,"menu_order":0,"comment_status":"closed","ping_status":"closed","template":"","meta":{"_monsterinsights_skip_tracking":false,"_monsterinsights_sitenote_active":false,"_monsterinsights_sitenote_note":"","_monsterinsights_sitenote_category":0,"_joinchat":[],"footnotes":""},"class_list":["post-3243","page","type-page","status-publish","hentry"],"aioseo_notices":[],"_links":{"self":[{"href":"https:\/\/www.engipar.com\/en\/wp-json\/wp\/v2\/pages\/3243","targetHints":{"allow":["GET"]}}],"collection":[{"href":"https:\/\/www.engipar.com\/en\/wp-json\/wp\/v2\/pages"}],"about":[{"href":"https:\/\/www.engipar.com\/en\/wp-json\/wp\/v2\/types\/page"}],"author":[{"embeddable":true,"href":"https:\/\/www.engipar.com\/en\/wp-json\/wp\/v2\/users\/3"}],"replies":[{"embeddable":true,"href":"https:\/\/www.engipar.com\/en\/wp-json\/wp\/v2\/comments?post=3243"}],"version-history":[{"count":3,"href":"https:\/\/www.engipar.com\/en\/wp-json\/wp\/v2\/pages\/3243\/revisions"}],"predecessor-version":[{"id":3589,"href":"https:\/\/www.engipar.com\/en\/wp-json\/wp\/v2\/pages\/3243\/revisions\/3589"}],"up":[{"embeddable":true,"href":"https:\/\/www.engipar.com\/en\/wp-json\/wp\/v2\/pages\/933"}],"wp:attachment":[{"href":"https:\/\/www.engipar.com\/en\/wp-json\/wp\/v2\/media?parent=3243"}],"curies":[{"name":"wp","href":"https:\/\/api.w.org\/{rel}","templated":true}]}}