{"id":3230,"date":"2025-05-19T08:10:22","date_gmt":"2025-05-19T08:10:22","guid":{"rendered":"https:\/\/www.engipar.com\/?page_id=3230"},"modified":"2026-02-18T17:33:33","modified_gmt":"2026-02-18T17:33:33","slug":"vistoria-em-fase-de-garantia","status":"publish","type":"page","link":"https:\/\/www.engipar.com\/en\/servicos\/peritagens-e-vistorias\/vistoria-em-fase-de-garantia\/","title":{"rendered":"Vistoria em fase de garantia"},"content":{"rendered":"<div id=\"wpc_69ee85403c5fd\" class=\"vc_row wpb_row vc_row-fluid\">\n\t\t<div class=\"row_inner_wrapper  clearfix\">\n\t\t\t<div class=\"row_inner row_center_content clearfix\"><div class=\"wpb_column vc_column_container vc_col-sm-6\"><div class=\"vc_column-inner\"><div class=\"wpb_wrapper\">\n\t<div class=\"wpb_text_column wpb_content_element\" >\n\t\t<div class=\"wpb_wrapper\">\n\t\t\t<p>A <strong data-start=\"334\" data-end=\"366\">vistoria em fase de garantia<\/strong> \u00e9 um servi\u00e7o t\u00e9cnico fundamental para verificar o estado de conserva\u00e7\u00e3o e conformidade do im\u00f3vel ap\u00f3s a aquisi\u00e7\u00e3o, dentro do prazo legal de garantia. Na <strong data-start=\"522\" data-end=\"533\">Engipar<\/strong>, realizamos este trabalho com o m\u00e1ximo rigor t\u00e9cnico, fornecendo um diagn\u00f3stico detalhado e suporte documental essencial para acionar garantias, quando aplic\u00e1vel.<\/p>\n<h4 data-start=\"703\" data-end=\"731\"><strong>O QUE INCLUI A VISTORIA?<\/strong><\/h4>\n<p class=\"\" data-start=\"733\" data-end=\"879\">A vistoria \u00e9 composta por um conjunto de atividades t\u00e9cnicas estruturadas e a elabora\u00e7\u00e3o de um relat\u00f3rio t\u00e9cnico. Este servi\u00e7o inclui:<\/p>\n<ul>\n<li data-start=\"883\" data-end=\"970\"><strong data-start=\"883\" data-end=\"925\">Estudo pr\u00e9vio do processo<\/strong>;<\/li>\n<li data-start=\"973\" data-end=\"1053\"><strong data-start=\"973\" data-end=\"1000\">Visita ao local<\/strong>;<\/li>\n<li data-start=\"1056\" data-end=\"1159\"><strong data-start=\"1056\" data-end=\"1108\">Avalia\u00e7\u00e3o da conformidade dos elementos<\/strong>;<\/li>\n<li data-start=\"1162\" data-end=\"1268\"><strong data-start=\"1162\" data-end=\"1202\">Reportagem fotogr\u00e1fica das anomalias<\/strong>;<\/li>\n<li data-start=\"1271\" data-end=\"1378\"><strong data-start=\"1271\" data-end=\"1316\">Elabora\u00e7\u00e3o de fichas t\u00e9cnicas individuais<\/strong>;<\/li>\n<li data-start=\"1381\" data-end=\"1442\"><strong data-start=\"1381\" data-end=\"1413\">Ensaios e sondagens ligeiras<\/strong>;<\/li>\n<li data-start=\"1559\" data-end=\"1676\"><strong data-start=\"1559\" data-end=\"1593\">Diagn\u00f3stico individual e geral<\/strong>.<\/li>\n<\/ul>\n<p class=\"\" data-start=\"1615\" data-end=\"1707\">O <strong data-start=\"1617\" data-end=\"1638\">relat\u00f3rio t\u00e9cnico<\/strong> ser\u00e1 elaborado com base na an\u00e1lise dos dados recolhidos, integrando:<\/p>\n<ul>\n<li data-start=\"1711\" data-end=\"1754\">Registos visuais (fotografias e\/ou v\u00eddeos);<\/li>\n<li data-start=\"1757\" data-end=\"1791\">Diagn\u00f3stico t\u00e9cnico das anomalias;<\/li>\n<li data-start=\"1794\" data-end=\"1844\">Propostas de medidas corretivas fundamentadas.<\/li>\n<\/ul>\n<p class=\"\" data-start=\"1846\" data-end=\"2116\">O relat\u00f3rio ser\u00e1 estruturado de forma clara e objetiva, podendo ser utilizado como documento de suporte em a\u00e7\u00f5es judiciais ou em processos de reclama\u00e7\u00e3o contratual.<\/p>\n\n\t\t<\/div>\n\t<\/div>\n<\/div><\/div><\/div><div class=\"wpb_column vc_column_container vc_col-sm-6\"><div class=\"vc_column-inner\"><div class=\"wpb_wrapper\">\n\t<div  class=\"wpb_single_image wpb_content_element vc_align_left\">\n\t\t\n\t\t<figure class=\"wpb_wrapper vc_figure\">\n\t\t\t<div class=\"vc_single_image-wrapper   vc_box_border_grey\"><img loading=\"lazy\" decoding=\"async\" width=\"800\" height=\"532\" src=\"https:\/\/www.engipar.com\/wp-content\/uploads\/2025\/12\/crack-inspection.jpg\" class=\"vc_single_image-img attachment-large\" alt=\"Engenheiro a verificar fissura em parede\" srcset=\"https:\/\/www.engipar.com\/wp-content\/uploads\/2025\/12\/crack-inspection.jpg 900w, https:\/\/www.engipar.com\/wp-content\/uploads\/2025\/12\/crack-inspection-300x200.jpg 300w, https:\/\/www.engipar.com\/wp-content\/uploads\/2025\/12\/crack-inspection-768x511.jpg 768w, https:\/\/www.engipar.com\/wp-content\/uploads\/2025\/12\/crack-inspection-18x12.jpg 18w\" sizes=\"auto, (max-width: 800px) 100vw, 800px\" title=\"Vistoria em fase de garantia\" \/><\/div>\n\t\t<\/figure>\n\t<\/div>\n\n\t<div class=\"wpb_text_column wpb_content_element\" >\n\t\t<div class=\"wpb_wrapper\">\n\t\t\t<p>Confie na nossa equipa t\u00e9cnica para uma vistoria profissional, clara e juridicamente \u00fatil.<br \/>\nSolicite j\u00e1 uma proposta para vistoria em fase de garantia.<\/p>\n\n\t\t<\/div>\n\t<\/div>\n<style>.vc_btn3-style-gradient-custom.vc_btn-gradient-btn-69ee85403e849:hover{color: #ffffff;background-color: #fab702;border: none;background-position: 100% 0;}<\/style><style>.vc_btn3-style-gradient-custom.vc_btn-gradient-btn-69ee85403e849{color: #ffffff;border: none;background-color: #fab702;background-image: -webkit-linear-gradient(left, #fab702 0%, #fab702 50%,#fab702 100%);background-image: linear-gradient(to right, #fab702 0%, #fab702 50%,#fab702 100%);-webkit-transition: all .2s ease-in-out;transition: all .2s ease-in-out;background-size: 200% 100%;}<\/style><div class=\"vc_btn3-container vc_btn3-center\" ><a data-vc-gradient-1=\"#fab702\" data-vc-gradient-2=\"#fab702\" class=\"vc_general vc_btn3 vc_btn3-size-lg vc_btn3-shape-rounded vc_btn3-style-gradient-custom vc_btn3-block vc_btn3-icon-left vc_btn-gradient-btn-69ee85403e849\" href=\"https:\/\/www.engipar.com\/orcamentos\/\" title=\"\" target=\"_blank\"><i class=\"vc_btn3-icon fas fa-edit\"><\/i> Ask for a free budget<\/a><\/div><\/div><\/div><\/div>\n\t\t\t<\/div>\n\t\t<\/div>\n<\/div>\n<div id=\"wpc_69ee85403e9b4\" class=\"vc_row wpb_row vc_row-fluid\">\n\t\t<div class=\"row_inner_wrapper  clearfix\">\n\t\t\t<div class=\"row_inner row_center_content clearfix\"><div class=\"wpb_column vc_column_container vc_col-sm-12\"><div class=\"vc_column-inner\"><div class=\"wpb_wrapper\">\n\t<div class=\"wpb_raw_code wpb_content_element wpb_raw_html\" >\n\t\t<div class=\"wpb_wrapper\">\n\t\t\t<div class=\"cta-sticky\">\n  <a class=\"cta-sticky__btn\" href=\"https:\/\/www.engipar.com\/orcamentos\/\">ASK FOR A BUDGET<\/a>\n<\/div>\n\t\t<\/div>\n\t<\/div>\n<\/div><\/div><\/div>\n\t\t\t<\/div>\n\t\t<\/div>\n<\/div>","protected":false},"excerpt":{"rendered":"A vistoria em fase de garantia \u00e9 um servi\u00e7o t\u00e9cnico fundamental para verificar o estado de conserva\u00e7\u00e3o e conformidade do im\u00f3vel ...","protected":false},"author":2,"featured_media":0,"parent":933,"menu_order":0,"comment_status":"closed","ping_status":"closed","template":"","meta":{"_monsterinsights_skip_tracking":false,"_monsterinsights_sitenote_active":false,"_monsterinsights_sitenote_note":"","_monsterinsights_sitenote_category":0,"_joinchat":[],"footnotes":""},"class_list":["post-3230","page","type-page","status-publish","hentry"],"aioseo_notices":[],"_links":{"self":[{"href":"https:\/\/www.engipar.com\/en\/wp-json\/wp\/v2\/pages\/3230","targetHints":{"allow":["GET"]}}],"collection":[{"href":"https:\/\/www.engipar.com\/en\/wp-json\/wp\/v2\/pages"}],"about":[{"href":"https:\/\/www.engipar.com\/en\/wp-json\/wp\/v2\/types\/page"}],"author":[{"embeddable":true,"href":"https:\/\/www.engipar.com\/en\/wp-json\/wp\/v2\/users\/2"}],"replies":[{"embeddable":true,"href":"https:\/\/www.engipar.com\/en\/wp-json\/wp\/v2\/comments?post=3230"}],"version-history":[{"count":3,"href":"https:\/\/www.engipar.com\/en\/wp-json\/wp\/v2\/pages\/3230\/revisions"}],"predecessor-version":[{"id":3524,"href":"https:\/\/www.engipar.com\/en\/wp-json\/wp\/v2\/pages\/3230\/revisions\/3524"}],"up":[{"embeddable":true,"href":"https:\/\/www.engipar.com\/en\/wp-json\/wp\/v2\/pages\/933"}],"wp:attachment":[{"href":"https:\/\/www.engipar.com\/en\/wp-json\/wp\/v2\/media?parent=3230"}],"curies":[{"name":"wp","href":"https:\/\/api.w.org\/{rel}","templated":true}]}}