{"id":2703,"date":"2024-03-11T12:03:26","date_gmt":"2024-03-11T12:03:26","guid":{"rendered":"https:\/\/www.engipar.com\/?page_id=2703"},"modified":"2025-12-12T12:40:16","modified_gmt":"2025-12-12T12:40:16","slug":"licenciamentos-pdm","status":"publish","type":"page","link":"https:\/\/www.engipar.com\/en\/servicos\/peritagens-e-vistorias\/licenciamentos-pdm\/","title":{"rendered":"Licenciamentos\/PDM"},"content":{"rendered":"<div id=\"wpc_69ee6f56b95a8\" class=\"vc_row wpb_row vc_row-fluid\">\n\t\t<div class=\"row_inner_wrapper  clearfix\">\n\t\t\t<div class=\"row_inner row_center_content clearfix\"><div class=\"wpb_column vc_column_container vc_col-sm-6\"><div class=\"vc_column-inner\"><div class=\"wpb_wrapper\">\n\t<div class=\"wpb_text_column wpb_content_element\" >\n\t\t<div class=\"wpb_wrapper\">\n\t\t\t<p>A <strong>Engipar <\/strong>faz peritagens t\u00e9cnicas no \u00e2mbito do ordenamento do territ\u00f3rio, com an\u00e1lise de processos de licenciamento, comunica\u00e7\u00f5es pr\u00e9vias, que inclui enquadramento \u00e0 luz dos seguintes elementos:<\/p>\n<p>&nbsp;<\/p>\n<ul class=\"wp-block-list\">\n<li style=\"list-style-type: none;\">\n<ul>\n<li>Planos municipais e especiais de ordenamento do territ\u00f3rio;<\/li>\n<li>Plantas de Ordenamento;<\/li>\n<li>Qualifica\u00e7\u00e3o do solo;<\/li>\n<li>Programa\u00e7\u00e3o e execu\u00e7\u00e3o;<\/li>\n<li>Sensibilidade ao Ru\u00eddo;<\/li>\n<li>Patrim\u00f3nio;<\/li>\n<li>Planta de Condicionantes;<\/li>\n<li>Povoamentos florestais percorridos por inc\u00eandio e perigosidade de inc\u00eandio florestal;<\/li>\n<li>Plano de pormenor associado ao local;<\/li>\n<li>Enquadramento com a \u201clei da \u00e1gua\u201d com a legisla\u00e7\u00e3o sobre a \u201ctitularidade dos recursos h\u00eddricos\u201d;<\/li>\n<li>C\u00f3digo civil que inclui as tem\u00e1ticas Constru\u00e7\u00f5es e edifica\u00e7\u00f5es, o Direito das coisas, o Direito da propriedade, o Dom\u00ednio p\u00fablico e o Dom\u00ednio privado.<\/li>\n<\/ul>\n<\/li>\n<\/ul>\n<p>&nbsp;<\/p>\n<p>No final \u00e9 elaborado um relat\u00f3rio que incluiu as principais conclus\u00f5es do estudo.<\/p>\n<p>Um dos principais elementos de estudo \u00e9 o Plano Director Municipal (PDM). Este representa um pilar fundamental na formula\u00e7\u00e3o da pol\u00edtica de desenvolvimento e expans\u00e3o urbana. Trata-se de um instrumento utilizado pelos munic\u00edpios para regular o uso e ocupa\u00e7\u00e3o do solo urbano, estabelecendo directrizes que orientam o desenvolvimento econ\u00f3mico, social e ambiental da regi\u00e3o.<\/p>\n<p>O processo de licenciamento no \u00e2mbito do Plano Director Municipal refere-se \u00e0 obten\u00e7\u00e3o de licen\u00e7as ou autoriza\u00e7\u00f5es para actividades de constru\u00e7\u00e3o, uso do solo ou desenvolvimento que estejam alinhadas com as directrizes estabelecidas no PDM e no RMUE de cada munic\u00edpio. Esta etapa de licenciamento compreende uma an\u00e1lise minuciosa dos projectos e solicita\u00e7\u00f5es, com o objectivo de assegurar a sua conformidade com as disposi\u00e7\u00f5es legais (RGEU e RJUE) e regulamentos municipais. Este \u00e9 composto por um conjunto documental que inclui regulamentos, planta de ordenamento, planta de condicionantes, bem como outros documentos relevantes, como relat\u00f3rios e plantas.<\/p>\n<p>Assim, o licenciamento no contexto do PDM desempenha um papel essencial na garantia de que o desenvolvimento e a expans\u00e3o urbana ocorram de forma a estar em conson\u00e2ncia com as diretrizes estabelecidas e desta forma promover um crescimento urbano ordenado e sustent\u00e1vel, compat\u00edvel com as necessidades e caracter\u00edsticas espec\u00edficas de cada localidade.<\/p>\n\n\t\t<\/div>\n\t<\/div>\n<\/div><\/div><\/div><div class=\"wpb_column vc_column_container vc_col-sm-6\"><div class=\"vc_column-inner\"><div class=\"wpb_wrapper\">\n\t<div  class=\"wpb_single_image wpb_content_element vc_align_center\">\n\t\t\n\t\t<figure class=\"wpb_wrapper vc_figure\">\n\t\t\t<div class=\"vc_single_image-wrapper   vc_box_border_grey\"><img loading=\"lazy\" decoding=\"async\" width=\"800\" height=\"534\" src=\"https:\/\/www.engipar.com\/wp-content\/uploads\/2024\/03\/geojango-maps-Z8UgB80_46w-unsplash-1-1024x683.webp\" class=\"vc_single_image-img attachment-large\" alt=\"Licenciamentos PDM\" srcset=\"https:\/\/www.engipar.com\/wp-content\/uploads\/2024\/03\/geojango-maps-Z8UgB80_46w-unsplash-1-1024x683.webp 1024w, https:\/\/www.engipar.com\/wp-content\/uploads\/2024\/03\/geojango-maps-Z8UgB80_46w-unsplash-1-300x200.webp 300w, https:\/\/www.engipar.com\/wp-content\/uploads\/2024\/03\/geojango-maps-Z8UgB80_46w-unsplash-1-768x512.webp 768w, https:\/\/www.engipar.com\/wp-content\/uploads\/2024\/03\/geojango-maps-Z8UgB80_46w-unsplash-1-1536x1024.webp 1536w, https:\/\/www.engipar.com\/wp-content\/uploads\/2024\/03\/geojango-maps-Z8UgB80_46w-unsplash-1-2048x1365.webp 2048w, https:\/\/www.engipar.com\/wp-content\/uploads\/2024\/03\/geojango-maps-Z8UgB80_46w-unsplash-1-18x12.webp 18w\" sizes=\"auto, (max-width: 800px) 100vw, 800px\" title=\"Licenciamentos\/PDM\" \/><\/div>\n\t\t<\/figure>\n\t<\/div>\n<style>.vc_btn3-style-gradient-custom.vc_btn-gradient-btn-69ee6f56bad7b:hover{color: #ffffff;background-color: #fab702;border: none;background-position: 100% 0;}<\/style><style>.vc_btn3-style-gradient-custom.vc_btn-gradient-btn-69ee6f56bad7b{color: #ffffff;border: none;background-color: #fab702;background-image: -webkit-linear-gradient(left, #fab702 0%, #fab702 50%,#fab702 100%);background-image: linear-gradient(to right, #fab702 0%, #fab702 50%,#fab702 100%);-webkit-transition: all .2s ease-in-out;transition: all .2s ease-in-out;background-size: 200% 100%;}<\/style><div class=\"vc_btn3-container vc_btn3-center\" ><a data-vc-gradient-1=\"#fab702\" data-vc-gradient-2=\"#fab702\" class=\"vc_general vc_btn3 vc_btn3-size-lg vc_btn3-shape-rounded vc_btn3-style-gradient-custom vc_btn3-block vc_btn3-icon-left vc_btn-gradient-btn-69ee6f56bad7b\" href=\"https:\/\/www.engipar.com\/orcamentos\/\" title=\"\" target=\"_blank\"><i class=\"vc_btn3-icon fas fa-edit\"><\/i> Ask for a free budget<\/a><\/div><\/div><\/div><\/div>\n\t\t\t<\/div>\n\t\t<\/div>\n<\/div>\n<div id=\"wpc_69ee6f56baed3\" class=\"vc_row wpb_row vc_row-fluid\">\n\t\t<div class=\"row_inner_wrapper  clearfix\">\n\t\t\t<div class=\"row_inner row_center_content clearfix\"><div class=\"wpb_column vc_column_container vc_col-sm-12\"><div class=\"vc_column-inner\"><div class=\"wpb_wrapper\">\n\t<div class=\"wpb_raw_code wpb_content_element wpb_raw_html\" >\n\t\t<div class=\"wpb_wrapper\">\n\t\t\t<div class=\"cta-sticky\">\n  <a class=\"cta-sticky__btn\" href=\"https:\/\/www.engipar.com\/orcamentos\/\">ASK FOR A BUDGET<\/a>\n<\/div>\n\t\t<\/div>\n\t<\/div>\n<\/div><\/div><\/div>\n\t\t\t<\/div>\n\t\t<\/div>\n<\/div>","protected":false},"excerpt":{"rendered":"A Engipar faz peritagens t\u00e9cnicas no \u00e2mbito do ordenamento do territ\u00f3rio, com an\u00e1lise de processos de licenciamento, comunica\u00e7\u00f5es pr\u00e9vias, que inclui ...","protected":false},"author":2,"featured_media":0,"parent":933,"menu_order":0,"comment_status":"closed","ping_status":"closed","template":"","meta":{"_monsterinsights_skip_tracking":false,"_monsterinsights_sitenote_active":false,"_monsterinsights_sitenote_note":"","_monsterinsights_sitenote_category":0,"_joinchat":[],"footnotes":""},"class_list":["post-2703","page","type-page","status-publish","hentry"],"aioseo_notices":[],"_links":{"self":[{"href":"https:\/\/www.engipar.com\/en\/wp-json\/wp\/v2\/pages\/2703","targetHints":{"allow":["GET"]}}],"collection":[{"href":"https:\/\/www.engipar.com\/en\/wp-json\/wp\/v2\/pages"}],"about":[{"href":"https:\/\/www.engipar.com\/en\/wp-json\/wp\/v2\/types\/page"}],"author":[{"embeddable":true,"href":"https:\/\/www.engipar.com\/en\/wp-json\/wp\/v2\/users\/2"}],"replies":[{"embeddable":true,"href":"https:\/\/www.engipar.com\/en\/wp-json\/wp\/v2\/comments?post=2703"}],"version-history":[{"count":1,"href":"https:\/\/www.engipar.com\/en\/wp-json\/wp\/v2\/pages\/2703\/revisions"}],"predecessor-version":[{"id":3510,"href":"https:\/\/www.engipar.com\/en\/wp-json\/wp\/v2\/pages\/2703\/revisions\/3510"}],"up":[{"embeddable":true,"href":"https:\/\/www.engipar.com\/en\/wp-json\/wp\/v2\/pages\/933"}],"wp:attachment":[{"href":"https:\/\/www.engipar.com\/en\/wp-json\/wp\/v2\/media?parent=2703"}],"curies":[{"name":"wp","href":"https:\/\/api.w.org\/{rel}","templated":true}]}}