{"id":2650,"date":"2024-02-09T16:56:04","date_gmt":"2024-02-09T16:56:04","guid":{"rendered":"https:\/\/www.engipar.com\/?page_id=2650"},"modified":"2026-02-23T14:21:43","modified_gmt":"2026-02-23T14:21:43","slug":"auditoria-obras","status":"publish","type":"page","link":"https:\/\/www.engipar.com\/en\/servicos\/fiscalizacao-de-obras\/auditoria-obras\/","title":{"rendered":"Auditoria de Obras"},"content":{"rendered":"<div id=\"wpc_69ee6f5397dcb\" class=\"vc_row wpb_row vc_row-fluid\">\n\t\t<div class=\"row_inner_wrapper  clearfix\">\n\t\t\t<div class=\"row_inner row_center_content clearfix\"><div class=\"wpb_column vc_column_container vc_col-sm-6\"><div class=\"vc_column-inner\"><div class=\"wpb_wrapper\">\n\t<div class=\"wpb_text_column wpb_content_element\" >\n\t\t<div class=\"wpb_wrapper\">\n\t\t\t<p>A\u00a0<strong>AUDITORIA DE OBRAS<\/strong> \u00e9 um servi\u00e7o especializado que visa avaliar e verificar os desvios de planeamento, controlo de custos e qualidade de execu\u00e7\u00e3o de uma obra de constru\u00e7\u00e3o. Esta atividade envolve uma an\u00e1lise minuciosa de todos os par\u00e2metros.<\/p>\n<p>No contexto deste trabalho, a <strong>Engipar<\/strong> realiza as seguintes atividades:<\/p>\n<ul class=\"wp-block-list\">\n<li style=\"list-style-type: none;\">\n<ul>\n<li>Trabalho de prepara\u00e7\u00e3o e estudo do processo;<\/li>\n<li>Visita ao local;<\/li>\n<li>Verifica\u00e7\u00e3o se os trabalhos vis\u00edveis est\u00e3o de acordo com o contrato e tamb\u00e9m de acordo com as boas normas de execu\u00e7\u00e3o;<\/li>\n<li>Reportagem fotogr\u00e1fica das anomalias e levantamento geral em v\u00eddeo;<\/li>\n<li>Elabora\u00e7\u00e3o de fichas de patologias com mapeamento das anomalias em planta\/al\u00e7ado;<\/li>\n<li>Realiza\u00e7\u00e3o de ensaios e sondagens de car\u00e1ter ligeiro e n\u00e3o intrusivo;<\/li>\n<li>Realiza\u00e7\u00e3o de medi\u00e7\u00f5es para cada tarefa executada pelo empreiteiro (em termos percentuais e atendendo ao cumprimento do projeto e das boas normas da constru\u00e7\u00e3o;<\/li>\n<li>Elabora\u00e7\u00e3o de quadro comparativo de medi\u00e7\u00f5es (contrato | apresentadas pelo empreiteiro | medidas por n\u00f3s). Cada uma das medi\u00e7\u00f5es \u00e9 devidamente fundamentada numa coluna adicional;<\/li>\n<li>Elabora\u00e7\u00e3o de relat\u00f3rio com conclus\u00f5es;<\/li>\n<li>Apoio e aconselhamento no \u00e2mbito deste trabalho.<\/li>\n<\/ul>\n<\/li>\n<\/ul>\n\n\t\t<\/div>\n\t<\/div>\n\n\t<div class=\"wpb_text_column wpb_content_element\" >\n\t\t<div class=\"wpb_wrapper\">\n\t\t\t<div class=\"wp-block-columns is-layout-flex wp-container-core-columns-is-layout-9d6595d7 wp-block-columns-is-layout-flex\">\n<div class=\"wp-block-column is-layout-flow wp-block-column-is-layout-flow\">\n<p>&nbsp;<\/p>\n<\/div>\n<div class=\"wp-block-column is-layout-flow wp-block-column-is-layout-flow\"><\/div>\n<\/div>\n\n\t\t<\/div>\n\t<\/div>\n<\/div><\/div><\/div><div class=\"wpb_column vc_column_container vc_col-sm-6\"><div class=\"vc_column-inner\"><div class=\"wpb_wrapper\">\n\t<div  class=\"wpb_single_image wpb_content_element vc_align_center\">\n\t\t\n\t\t<figure class=\"wpb_wrapper vc_figure\">\n\t\t\t<div class=\"vc_single_image-wrapper   vc_box_border_grey\"><img loading=\"lazy\" decoding=\"async\" width=\"800\" height=\"549\" src=\"https:\/\/www.engipar.com\/wp-content\/uploads\/2024\/02\/pexels-max-rahubovskiy-6508349-1024x703.jpg\" class=\"vc_single_image-img attachment-large\" alt=\"Auditoria Obras\" srcset=\"https:\/\/www.engipar.com\/wp-content\/uploads\/2024\/02\/pexels-max-rahubovskiy-6508349-1024x703.jpg 1024w, https:\/\/www.engipar.com\/wp-content\/uploads\/2024\/02\/pexels-max-rahubovskiy-6508349-300x206.jpg 300w, https:\/\/www.engipar.com\/wp-content\/uploads\/2024\/02\/pexels-max-rahubovskiy-6508349-768x528.jpg 768w, https:\/\/www.engipar.com\/wp-content\/uploads\/2024\/02\/pexels-max-rahubovskiy-6508349-1536x1055.jpg 1536w, https:\/\/www.engipar.com\/wp-content\/uploads\/2024\/02\/pexels-max-rahubovskiy-6508349-2048x1407.jpg 2048w, https:\/\/www.engipar.com\/wp-content\/uploads\/2024\/02\/pexels-max-rahubovskiy-6508349-18x12.jpg 18w, https:\/\/www.engipar.com\/wp-content\/uploads\/2024\/02\/pexels-max-rahubovskiy-6508349-scaled.jpg 1600w\" sizes=\"auto, (max-width: 800px) 100vw, 800px\" title=\"Auditoria de Obras\" \/><\/div>\n\t\t<\/figure>\n\t<\/div>\n<style>.vc_btn3-style-gradient-custom.vc_btn-gradient-btn-69ee6f539ad50:hover{color: #ffffff;background-color: #fab702;border: none;background-position: 100% 0;}<\/style><style>.vc_btn3-style-gradient-custom.vc_btn-gradient-btn-69ee6f539ad50{color: #ffffff;border: none;background-color: #fab702;background-image: -webkit-linear-gradient(left, #fab702 0%, #fab702 50%,#fab702 100%);background-image: linear-gradient(to right, #fab702 0%, #fab702 50%,#fab702 100%);-webkit-transition: all .2s ease-in-out;transition: all .2s ease-in-out;background-size: 200% 100%;}<\/style><div class=\"vc_btn3-container vc_btn3-center\" ><a data-vc-gradient-1=\"#fab702\" data-vc-gradient-2=\"#fab702\" class=\"vc_general vc_btn3 vc_btn3-size-lg vc_btn3-shape-rounded vc_btn3-style-gradient-custom vc_btn3-block vc_btn3-icon-left vc_btn-gradient-btn-69ee6f539ad50\" href=\"https:\/\/www.engipar.com\/orcamentos\/\" title=\"\" target=\"_blank\"><i class=\"vc_btn3-icon fas fa-edit\"><\/i> Ask for a free budget<\/a><\/div><\/div><\/div><\/div>\n\t\t\t<\/div>\n\t\t<\/div>\n<\/div>\n<div id=\"wpc_69ee6f539af19\" class=\"vc_row wpb_row vc_row-fluid\">\n\t\t<div class=\"row_inner_wrapper  clearfix\">\n\t\t\t<div class=\"row_inner row_center_content clearfix\"><div class=\"wpb_column vc_column_container vc_col-sm-12\"><div class=\"vc_column-inner\"><div class=\"wpb_wrapper\">\n\t<div class=\"wpb_raw_code wpb_content_element wpb_raw_html\" >\n\t\t<div class=\"wpb_wrapper\">\n\t\t\t<div class=\"cta-sticky\">\n  <a class=\"cta-sticky__btn\" href=\"https:\/\/www.engipar.com\/orcamentos\/\">ASK FOR A BUDGET<\/a>\n<\/div>\n\t\t<\/div>\n\t<\/div>\n<\/div><\/div><\/div>\n\t\t\t<\/div>\n\t\t<\/div>\n<\/div>","protected":false},"excerpt":{"rendered":"A\u00a0AUDITORIA DE OBRAS \u00e9 um servi\u00e7o especializado que visa avaliar e verificar os desvios de planeamento, controlo de custos e qualidade ...","protected":false},"author":2,"featured_media":0,"parent":923,"menu_order":1,"comment_status":"closed","ping_status":"closed","template":"","meta":{"_monsterinsights_skip_tracking":false,"_monsterinsights_sitenote_active":false,"_monsterinsights_sitenote_note":"","_monsterinsights_sitenote_category":0,"_joinchat":[],"footnotes":""},"class_list":["post-2650","page","type-page","status-publish","hentry"],"aioseo_notices":[],"_links":{"self":[{"href":"https:\/\/www.engipar.com\/en\/wp-json\/wp\/v2\/pages\/2650","targetHints":{"allow":["GET"]}}],"collection":[{"href":"https:\/\/www.engipar.com\/en\/wp-json\/wp\/v2\/pages"}],"about":[{"href":"https:\/\/www.engipar.com\/en\/wp-json\/wp\/v2\/types\/page"}],"author":[{"embeddable":true,"href":"https:\/\/www.engipar.com\/en\/wp-json\/wp\/v2\/users\/2"}],"replies":[{"embeddable":true,"href":"https:\/\/www.engipar.com\/en\/wp-json\/wp\/v2\/comments?post=2650"}],"version-history":[{"count":2,"href":"https:\/\/www.engipar.com\/en\/wp-json\/wp\/v2\/pages\/2650\/revisions"}],"predecessor-version":[{"id":3588,"href":"https:\/\/www.engipar.com\/en\/wp-json\/wp\/v2\/pages\/2650\/revisions\/3588"}],"up":[{"embeddable":true,"href":"https:\/\/www.engipar.com\/en\/wp-json\/wp\/v2\/pages\/923"}],"wp:attachment":[{"href":"https:\/\/www.engipar.com\/en\/wp-json\/wp\/v2\/media?parent=2650"}],"curies":[{"name":"wp","href":"https:\/\/api.w.org\/{rel}","templated":true}]}}