{"id":17,"date":"2015-02-05T10:21:11","date_gmt":"2015-02-05T10:21:11","guid":{"rendered":"http:\/\/wpcharming.wpengine.com\/construction\/?page_id=17"},"modified":"2025-09-12T09:18:48","modified_gmt":"2025-09-12T09:18:48","slug":"servicos","status":"publish","type":"page","link":"https:\/\/www.engipar.com\/en\/servicos\/","title":{"rendered":"Services"},"content":{"rendered":"<div id=\"wpc_69f3db5df1092\" class=\"vc_row wpb_row vc_row-fluid\">\n\t\t<div class=\"row_inner_wrapper  clearfix\" style=\"padding-top: 10px;padding-bottom: 0px;\">\n\t\t\t<div class=\"row_inner row_center_content clearfix\"><div class=\"wpb_column vc_column_container vc_col-sm-12\"><div class=\"vc_column-inner\"><div class=\"wpb_wrapper\">\n\t<div class=\"child-page-wrapper\">\n\t\t<div class=\"grid-wrapper grid-3-columns grid-row\">\n\t\t\t<div class=\"grid-item grid-sm-6 grid-md-4\">\n\t\t\t\t<div class=\"grid-thumbnail\">\n\t\t\t\t\t<a href=\"https:\/\/www.engipar.com\/en\/servicos\/peritagens-e-vistorias\/\" title=\"Technical Expertise and Inspections\"><img loading=\"lazy\" decoding=\"async\" width=\"600\" height=\"300\" src=\"https:\/\/www.engipar.com\/wp-content\/uploads\/2020\/11\/OhcV6X4mck-600x300.png\" class=\"attachment-medium-thumb size-medium-thumb wp-post-image\" alt=\"Vistoria casas\" srcset=\"https:\/\/www.engipar.com\/wp-content\/uploads\/2020\/11\/OhcV6X4mck-600x300.png 600w, https:\/\/www.engipar.com\/wp-content\/uploads\/2020\/11\/OhcV6X4mck-400x200.png 400w\" sizes=\"auto, (max-width: 600px) 100vw, 600px\" title=\"Technical Expertise and Inspections\" \/><\/a>\n\t\t\t\t<\/div>\n\t\t\t\t<h3 class=\"grid-title\"><a href=\"https:\/\/www.engipar.com\/en\/servicos\/peritagens-e-vistorias\/\" rel=\"bookmark\">Technical Expertise and Inspections<\/a><\/h3>\n\n\t\t\t\t<p><\/p>\n\n\t\t\t\t<a class=\"grid-more\" href=\"https:\/\/www.engipar.com\/en\/servicos\/peritagens-e-vistorias\/\" title=\"Technical Expertise and Inspections\">read more<\/a>\n\n\t\t\t<\/div>\n\t\t\t\n\t\t\t<div class=\"grid-item grid-sm-6 grid-md-4\">\n\t\t\t\t<div class=\"grid-thumbnail\">\n\t\t\t\t\t<a href=\"https:\/\/www.engipar.com\/en\/servicos\/fiscalizacao-de-obras\/\" title=\"Construction Supervision\"><img loading=\"lazy\" decoding=\"async\" width=\"600\" height=\"300\" src=\"https:\/\/www.engipar.com\/wp-content\/uploads\/2020\/11\/RoofStructureInspection-600x300.jpg\" class=\"attachment-medium-thumb size-medium-thumb wp-post-image\" alt=\"Peritagem cobertura im\u00f3vel\" srcset=\"https:\/\/www.engipar.com\/wp-content\/uploads\/2020\/11\/RoofStructureInspection-600x300.jpg 600w, https:\/\/www.engipar.com\/wp-content\/uploads\/2020\/11\/RoofStructureInspection-400x200.jpg 400w, https:\/\/www.engipar.com\/wp-content\/uploads\/2020\/11\/RoofStructureInspection-800x400.jpg 800w\" sizes=\"auto, (max-width: 600px) 100vw, 600px\" title=\"Construction Supervision\" \/><\/a>\n\t\t\t\t<\/div>\n\t\t\t\t<h3 class=\"grid-title\"><a href=\"https:\/\/www.engipar.com\/en\/servicos\/fiscalizacao-de-obras\/\" rel=\"bookmark\">Construction Supervision<\/a><\/h3>\n\n\t\t\t\t<p><\/p>\n\n\t\t\t\t<a class=\"grid-more\" href=\"https:\/\/www.engipar.com\/en\/servicos\/fiscalizacao-de-obras\/\" title=\"Construction Supervision\">read more<\/a>\n\n\t\t\t<\/div>\n\t\t\t\n\t\t\t<div class=\"grid-item grid-sm-6 grid-md-4\">\n\t\t\t\t<div class=\"grid-thumbnail\">\n\t\t\t\t\t<a href=\"https:\/\/www.engipar.com\/en\/servicos\/gestao-de-projetos\/\" title=\"Project Management\"><img loading=\"lazy\" decoding=\"async\" width=\"600\" height=\"300\" src=\"https:\/\/www.engipar.com\/wp-content\/uploads\/2020\/11\/Gestao-de-Projetos-engipar-600x300.jpg\" class=\"attachment-medium-thumb size-medium-thumb wp-post-image\" alt=\"gest\u00e3o de projetos\" srcset=\"https:\/\/www.engipar.com\/wp-content\/uploads\/2020\/11\/Gestao-de-Projetos-engipar-600x300.jpg 600w, https:\/\/www.engipar.com\/wp-content\/uploads\/2020\/11\/Gestao-de-Projetos-engipar-400x200.jpg 400w\" sizes=\"auto, (max-width: 600px) 100vw, 600px\" title=\"Services\" \/><\/a>\n\t\t\t\t<\/div>\n\t\t\t\t<h3 class=\"grid-title\"><a href=\"https:\/\/www.engipar.com\/en\/servicos\/gestao-de-projetos\/\" rel=\"bookmark\">Project Management<\/a><\/h3>\n\n\t\t\t\t<p><\/p>\n\n\t\t\t\t<a class=\"grid-more\" href=\"https:\/\/www.engipar.com\/en\/servicos\/gestao-de-projetos\/\" title=\"Project Management\">read more<\/a>\n\n\t\t\t<\/div>\n\t\t\t\n\t\t\t\t<div class=\"clear\"><\/div>\n\t\t\t<div class=\"grid-item grid-sm-6 grid-md-4\">\n\t\t\t\t<div class=\"grid-thumbnail\">\n\t\t\t\t\t<a href=\"https:\/\/www.engipar.com\/en\/servicos\/projetos\/\" title=\"Projetos de Especialidades\"><img loading=\"lazy\" decoding=\"async\" width=\"600\" height=\"300\" src=\"https:\/\/www.engipar.com\/wp-content\/uploads\/2022\/03\/2-600x300.jpg\" class=\"attachment-medium-thumb size-medium-thumb wp-post-image\" alt=\"Projetos\" srcset=\"https:\/\/www.engipar.com\/wp-content\/uploads\/2022\/03\/2-600x300.jpg 600w, https:\/\/www.engipar.com\/wp-content\/uploads\/2022\/03\/2-400x200.jpg 400w, https:\/\/www.engipar.com\/wp-content\/uploads\/2022\/03\/2-800x400.jpg 800w\" sizes=\"auto, (max-width: 600px) 100vw, 600px\" title=\"Projetos de Especialidades\" \/><\/a>\n\t\t\t\t<\/div>\n\t\t\t\t<h3 class=\"grid-title\"><a href=\"https:\/\/www.engipar.com\/en\/servicos\/projetos\/\" rel=\"bookmark\">Projetos de Especialidades<\/a><\/h3>\n\n\t\t\t\t<p><\/p>\n\n\t\t\t\t<a class=\"grid-more\" href=\"https:\/\/www.engipar.com\/en\/servicos\/projetos\/\" title=\"Projetos de Especialidades\">read more<\/a>\n\n\t\t\t<\/div>\n\t\t\t\n\t\t<\/div>\n\t<\/div><\/div><\/div><\/div>\n\t\t\t<\/div>\n\t\t<\/div>\n<\/div>","protected":false},"excerpt":{"rendered":"Projetos A ENGIPAR tem a solu\u00e7\u00e3o completa para todas as especialidades, atrav\u00e9s dos nossos projetos oferecemos aos nossos clientes a avalia\u00e7\u00e3o ...","protected":false},"author":1,"featured_media":0,"parent":0,"menu_order":0,"comment_status":"open","ping_status":"closed","template":"","meta":{"_monsterinsights_skip_tracking":false,"_monsterinsights_sitenote_active":false,"_monsterinsights_sitenote_note":"","_monsterinsights_sitenote_category":0,"_joinchat":[],"footnotes":""},"class_list":["post-17","page","type-page","status-publish","hentry"],"aioseo_notices":[],"_links":{"self":[{"href":"https:\/\/www.engipar.com\/en\/wp-json\/wp\/v2\/pages\/17","targetHints":{"allow":["GET"]}}],"collection":[{"href":"https:\/\/www.engipar.com\/en\/wp-json\/wp\/v2\/pages"}],"about":[{"href":"https:\/\/www.engipar.com\/en\/wp-json\/wp\/v2\/types\/page"}],"author":[{"embeddable":true,"href":"https:\/\/www.engipar.com\/en\/wp-json\/wp\/v2\/users\/1"}],"replies":[{"embeddable":true,"href":"https:\/\/www.engipar.com\/en\/wp-json\/wp\/v2\/comments?post=17"}],"version-history":[{"count":2,"href":"https:\/\/www.engipar.com\/en\/wp-json\/wp\/v2\/pages\/17\/revisions"}],"predecessor-version":[{"id":3585,"href":"https:\/\/www.engipar.com\/en\/wp-json\/wp\/v2\/pages\/17\/revisions\/3585"}],"wp:attachment":[{"href":"https:\/\/www.engipar.com\/en\/wp-json\/wp\/v2\/media?parent=17"}],"curies":[{"name":"wp","href":"https:\/\/api.w.org\/{rel}","templated":true}]}}