{"id":1038,"date":"2020-11-19T15:56:14","date_gmt":"2020-11-19T15:56:14","guid":{"rendered":"https:\/\/www.engipar.com\/?page_id=1038"},"modified":"2026-02-18T11:51:10","modified_gmt":"2026-02-18T11:51:10","slug":"gestao-de-projetos","status":"publish","type":"page","link":"https:\/\/www.engipar.com\/en\/servicos\/gestao-de-projetos\/","title":{"rendered":"Project Management"},"content":{"rendered":"<div id=\"wpc_69e1532c208f1\" class=\"vc_row wpb_row vc_row-fluid\">\n\t\t<div class=\"row_inner_wrapper  clearfix\" style=\"padding-top: 0px;padding-bottom: 0px;\">\n\t\t\t<div class=\"row_inner row_center_content clearfix\"><div class=\"wpb_column vc_column_container vc_col-sm-12\"><div class=\"vc_column-inner\"><div class=\"wpb_wrapper\">\n\t<div class=\"wpb_text_column wpb_content_element\" >\n\t\t<div class=\"wpb_wrapper\">\n\t\t\t<h2><strong>REDUCE THE COSTS AND DEADLINES FOR THE DEVELOPMENT OF YOUR CONSTRUCTION<\/strong><\/h2>\n\n\t\t<\/div>\n\t<\/div>\n<\/div><\/div><\/div>\n\t\t\t<\/div>\n\t\t<\/div>\n<\/div>\n<div id=\"wpc_69e1532c21a79\" class=\"vc_row wpb_row vc_row-fluid\">\n\t\t<div class=\"row_inner_wrapper  clearfix\">\n\t\t\t<div class=\"row_inner row_center_content clearfix\"><div class=\"wpb_column vc_column_container vc_col-sm-6\"><div class=\"vc_column-inner\"><div class=\"wpb_wrapper\">\n\t<div class=\"wpb_text_column wpb_content_element\" >\n\t\t<div class=\"wpb_wrapper\">\n\t\t\t<h4><strong>WHAT IS PROJECT MANAGEMENT?<\/strong><\/h4>\n<p>ENGIPAR Engineering Consultants project management is a professional service that provides project owners an effective schedule, cost, quality, and safety management. Our project management aims to the success of the project.<\/p>\n<p>ENGIPAR is qualified through education and experience that make it capable to work with the\nowner, architect, general contractor, and\nother involved interveners optimize construction\noperations and develop detailed project schedules and budgets.<\/p>\n<p>We also set up plans for project finance and help the owner managing the business risk. This requires the use of project management information systems and planning skills, like the definition of the critical path method, as well as an intrinsic knowledge of construction methods.<\/p>\n\n\t\t<\/div>\n\t<\/div>\n\n\t<div class=\"wpb_text_column wpb_content_element\" >\n\t\t<div class=\"wpb_wrapper\">\n\t\t\t<h4><strong>THE PROJECT MANAGER<\/strong><\/h4>\n<p>A good project manager is also needed for a successful project management. After all, he is the professional who will be responsible for the execution of the construction works and all the actions involved in the project.<\/p>\n<p>Our project management measures the risk involved in each decision with a rigorous analysis that calculates its impact on the budget and schedule of the project. Without a professional project management team, an\nunforeseen problem can derail the entire project.<\/p>\n<p>A project manager involved at the beginning of the process makes it easier to manage future problems and also optimize costs and construction execution times.<\/p>\n<p>ENGIPAR's project management can also provide clear lines of responsibility. It is clearer about who are the decision - makers are or the project goals.<\/p>\n<p>The project manager guides the focus of the stakeholders so that they understand what they should do and why. The project manager's global view allows an agile management of evolving risks as they occur.<\/p>\n\n\t\t<\/div>\n\t<\/div>\n<\/div><\/div><\/div><div class=\"wpb_column vc_column_container vc_col-sm-6\"><div class=\"vc_column-inner\"><div class=\"wpb_wrapper\">\n\t<div class=\"wpb_text_column wpb_content_element\" >\n\t\t<div class=\"wpb_wrapper\">\n\t\t\t<h4><strong>\u00a0<\/strong><strong>WHY IS PROJECT MANAGEMENT IMPORTANT? <\/strong><\/h4>\n<p>Effective construction project management benefitsthe client by increasing thechances toaccomplishthe project\u0301s deadline, within budget, and mitigatingfinancial\/legalconstraints.<\/p>\n<p>Project management is a professional service that requiresspecialized techniques to supervisedeadlines, design, and constructionwork. It aims to optimize the best practices in the sector, to make prudent management decisions and to control the projectthrough effective and transparent reporting.<\/p>\n<p>It is particularly importantfor bigprojects,those most likely to have problems, which are capable of pushing back the deadlines and consequently cost more money.<\/p>\n\n\t\t<\/div>\n\t<\/div>\n\n\t<div  class=\"wpb_single_image wpb_content_element vc_align_left\">\n\t\t\n\t\t<figure class=\"wpb_wrapper vc_figure\">\n\t\t\t<div class=\"vc_single_image-wrapper   vc_box_border_grey\"><img loading=\"lazy\" decoding=\"async\" class=\"vc_single_image-img\" src=\"https:\/\/www.engipar.com\/wp-content\/uploads\/2020\/11\/shutterstock_627691331-1000x600.jpg\" width=\"1000\" height=\"600\" alt=\"Projetos\" title=\"project management\" \/><\/div>\n\t\t<\/figure>\n\t<\/div>\n<style>.vc_btn3-style-gradient-custom.vc_btn-gradient-btn-69e1532c237ad:hover{color: #ffffff;background-color: #fab702;border: none;background-position: 100% 0;}<\/style><style>.vc_btn3-style-gradient-custom.vc_btn-gradient-btn-69e1532c237ad{color: #ffffff;border: none;background-color: #fab702;background-image: -webkit-linear-gradient(left, #fab702 0%, #fab702 50%,#fab702 100%);background-image: linear-gradient(to right, #fab702 0%, #fab702 50%,#fab702 100%);-webkit-transition: all .2s ease-in-out;transition: all .2s ease-in-out;background-size: 200% 100%;}<\/style><div class=\"vc_btn3-container vc_btn3-center\" ><a data-vc-gradient-1=\"#fab702\" data-vc-gradient-2=\"#fab702\" class=\"vc_general vc_btn3 vc_btn3-size-lg vc_btn3-shape-rounded vc_btn3-style-gradient-custom vc_btn3-block vc_btn3-icon-left vc_btn-gradient-btn-69e1532c237ad\" href=\"https:\/\/www.engipar.com\/orcamentos\/\" title=\"Budgets\"><i class=\"vc_btn3-icon fas fa-edit\"><\/i> Ask for a free budget<\/a><\/div>\n\t<div class=\"wpb_text_column wpb_content_element\" >\n\t\t<div class=\"wpb_wrapper\">\n\t\t\t<p style=\"text-align: center;\">In less than a minute, free answers and no-commitment service.<\/p>\n\n\t\t<\/div>\n\t<\/div>\n<\/div><\/div><\/div>\n\t\t\t<\/div>\n\t\t<\/div>\n<\/div>\n<div id=\"wpc_69e1532c23a0c\" class=\"vc_row wpb_row vc_row-fluid\">\n\t\t<div class=\"row_inner_wrapper  clearfix\">\n\t\t\t<div class=\"row_inner row_center_content clearfix\"><div class=\"wpb_column vc_column_container vc_col-sm-12\"><div class=\"vc_column-inner\"><div class=\"wpb_wrapper\"><\/div><\/div><\/div>\n\t\t\t<\/div>\n\t\t<\/div>\n<\/div>","protected":false},"excerpt":{"rendered":"REDUZA OS CUSTOS E PRAZOS DE EXECU\u00c7\u00c3O DA SUA OBRA O QUE \u00c9 GEST\u00c3O DE PROJETOS? A gest\u00e3o de projetos da ...","protected":false},"author":1,"featured_media":875,"parent":17,"menu_order":3,"comment_status":"closed","ping_status":"closed","template":"","meta":{"_monsterinsights_skip_tracking":false,"_monsterinsights_sitenote_active":false,"_monsterinsights_sitenote_note":"","_monsterinsights_sitenote_category":0,"_joinchat":[],"footnotes":""},"class_list":["post-1038","page","type-page","status-publish","has-post-thumbnail","hentry"],"aioseo_notices":[],"_links":{"self":[{"href":"https:\/\/www.engipar.com\/en\/wp-json\/wp\/v2\/pages\/1038","targetHints":{"allow":["GET"]}}],"collection":[{"href":"https:\/\/www.engipar.com\/en\/wp-json\/wp\/v2\/pages"}],"about":[{"href":"https:\/\/www.engipar.com\/en\/wp-json\/wp\/v2\/types\/page"}],"author":[{"embeddable":true,"href":"https:\/\/www.engipar.com\/en\/wp-json\/wp\/v2\/users\/1"}],"replies":[{"embeddable":true,"href":"https:\/\/www.engipar.com\/en\/wp-json\/wp\/v2\/comments?post=1038"}],"version-history":[{"count":1,"href":"https:\/\/www.engipar.com\/en\/wp-json\/wp\/v2\/pages\/1038\/revisions"}],"predecessor-version":[{"id":3587,"href":"https:\/\/www.engipar.com\/en\/wp-json\/wp\/v2\/pages\/1038\/revisions\/3587"}],"up":[{"embeddable":true,"href":"https:\/\/www.engipar.com\/en\/wp-json\/wp\/v2\/pages\/17"}],"wp:featuredmedia":[{"embeddable":true,"href":"https:\/\/www.engipar.com\/en\/wp-json\/wp\/v2\/media\/875"}],"wp:attachment":[{"href":"https:\/\/www.engipar.com\/en\/wp-json\/wp\/v2\/media?parent=1038"}],"curies":[{"name":"wp","href":"https:\/\/api.w.org\/{rel}","templated":true}]}}